{"id":269,"date":"2021-10-11T16:03:29","date_gmt":"2021-10-11T16:03:29","guid":{"rendered":"http:\/\/rejuvenace.mx\/politica-privacidad\/"},"modified":"2021-11-04T00:48:19","modified_gmt":"2021-11-04T00:48:19","slug":"privacy-policy","status":"publish","type":"page","link":"https:\/\/rejuvenace.mx\/en\/privacy-policy\/","title":{"rendered":"Privacy Policy"},"content":{"rendered":"<p><strong>Pol\u00edtica de privacidad<\/strong><\/p>\n<p><strong>Tipos de datos que recopilamos:<\/strong><\/p>\n<p><strong>Rejuvenace<\/strong> de las personas que visitan nuestros sitios web con el objeto de poder ofrecerles una utilidad de nuestros sitios que responda a sus necesidades. La informaci\u00f3n puede ser recopilada para: (i) completar reservas o solicitudes de informaci\u00f3n, (ii) comprar productos o servicios, (iii) registrarse en programas de socios, (iv) enviar solicitudes de empleo, (v) responder a comunicaciones que le enviemos (por ejemplo, encuestas, ofertas promocionales), (vi) satisfacer sus preferencias personales, (vii) completar solicitudes de servicios o recomendaciones que le ofrezcamos, (viii) trabajar con terceros, incluso recolectando informaci\u00f3n de uso p\u00fablico de sitios web de eventos sociales, ayudarnos a entender mejor sus intereses y brindar un servicio m\u00e1s personalizado, (ix) usar nuestras aplicaciones en sus equipos electr\u00f3nicos, o (x) facilitar la transmisi\u00f3n de mensajes a un correo electr\u00f3nico de un amigo, si lo desea.<\/p>\n<p>El tipo de informaci\u00f3n de car\u00e1cter personal que recabamos puede incluir su nombre, su direcci\u00f3n personal y profesional as\u00ed como direcciones de correo electr\u00f3nico, n\u00fameros de tel\u00e9fono y de fax, informaci\u00f3n de la tarjeta de cr\u00e9dito, fecha de nacimiento, sexo e informaci\u00f3n relacionada con su estilo de vida, como por ejemplo preferencias de habitaciones, actividades recreativas, nombres y edades de hijos y cualquier otra informaci\u00f3n necesaria que sea \u00fatil para satisfacer pedidos especiales (por ej., ciertas condiciones de salud que requieran el alojamiento en una habitaci\u00f3n especial).<\/p>\n<p><strong>Rejuvenace<\/strong> tambi\u00e9n puede recopilar informaci\u00f3n que no se considera de identificaci\u00f3n personal, como el uso que usted hace de nuestros sitios web, sus preferencias de comunicaci\u00f3n, respuestas a las ofertas promocionales y a las encuestas.<\/p>\n<p>Tenga en cuenta que, para proteger mejor su informaci\u00f3n, no debe incluir informaci\u00f3n relacionada con su tarjeta de cr\u00e9dito en su comunicaci\u00f3n electr\u00f3nica a menos que se lo solicitemos espec\u00edficamente para completar el procesamiento de una transacci\u00f3n en nuestros sitios web de la marca o en nuestros centros de servicio al cliente.<\/p>\n<p><strong>Recopilaci\u00f3n y uso<\/strong><\/p>\n<p><strong>Rejuvenace<\/strong> se compromete plenamente a facilitarle la informaci\u00f3n relacionada con la recopilaci\u00f3n y el uso de las personas que nos proporcionan las personas que visitan y utilizan nuestros sitios web, productos y servicios. Como pr\u00e1ctica, no solicitamos informaci\u00f3n salvo que sea necesaria o tengamos la intenci\u00f3n de utilizarla. Algunos de los principales motivos por los que recopilamos informaci\u00f3n son los siguientes:<\/p>\n<ul>\n<li>Proporcionar servicios tales como el procesamiento de una transacci\u00f3n (por ej.  responder a una solicitud de informaci\u00f3n)<\/li>\n<li>Enviarle comunicaciones comerciales relativas a los productos y servicios que ofrece <strong>Rejuvenace<\/strong>, nuestros socios comerciales estrat\u00e9gicos y otros terceros de confianza.<\/li>\n<li>Realizar investigaciones de mercado a trav\u00e9s de encuestas que nos permitan mejorar la satisfacci\u00f3n de sus necesidades, mejorar la calidad de nuestros sitios web, as\u00ed como otras actividades de comunicaci\u00f3n, campa\u00f1as publicitarias o promocionales.<\/li>\n<\/ul>\n<p>Puede elegir no recibir correos comerciales ni encuestas de <strong>Rejuvenace<\/strong> en cualquier momento con s\u00f3lo hacer clic en el enlace que se incluye en las comunicaciones o contact\u00e1ndose directamente con nosotros si desea no recibir correos ni encuestas de comercializaci\u00f3n directa o telemarketing. Haga clic aqu\u00ed para ver la Actualizaci\u00f3n de sus preferencias de comunicaci\u00f3n en la secci\u00f3n Comun\u00edquese con nosotros de esta Declaraci\u00f3n de privacidad. Siempre tendr\u00e1 la opci\u00f3n de no enviar su INFORMACI\u00d3N o de decidir qu\u00e9 tipo de comunicaciones desea que le enviemos. Sin embargo, al hacerlo es posible que ciertas operaciones se vean afectadas.<\/p>\n<p><strong>Procesamiento y divulgaci\u00f3n<\/strong><\/p>\n<p>En la mayor\u00eda de los casos, la informaci\u00f3n que usted nos proporciona se incorpora a nuestra base de datos local o internacional. Como pr\u00e1ctica habitual, <strong>Rejuvenace<\/strong> no vende, alquila ni otorga la posesi\u00f3n f\u00edsica de su base de datos a terceros no pertenecientes al sistema <strong>Rejuvenace<\/strong>. No obstante lo anterior, <strong>Rejuvenace<\/strong> podr\u00eda divulgar sus datos personales a otras personas en las situaciones que se indican a continuaci\u00f3n:<\/p>\n<ul>\n<li>Cuando tengamos su consentimiento.<\/li>\n<li>En aquellas situaciones en las que sea necesario ceder sus datos personales con el fin de ofrecerle los productos o servicios que desea (por ejemplo, un paquete de vacaciones).<\/li>\n<li>Cuando las compa\u00f1\u00edas o proveedores de servicios que realizan actividades comerciales en favor de <strong>Rejuvenace<\/strong>(por ej. procesamiento de tarjetas de cr\u00e9dito, servicios de atenci\u00f3n al cliente, administraci\u00f3n de estudio de mercado o servicios de administraci\u00f3n de la base de datos) requieran esta informaci\u00f3n.<\/li>\n<li>En el supuesto de que <strong>Rejuvenace<\/strong>se fusione o sea adquirido por otra compa\u00f1\u00eda.<\/li>\n<li>Para cumplir con los requisitos y las obligaciones legales o normativas establecidas en la legislaci\u00f3n aplicable o como consecuencia de una orden o citaci\u00f3n judicial.<\/li>\n<li>En casos de emergencias tales como salvar la vida, preservar la salud o los bienes de una persona.<\/li>\n<\/ul>\n<p>En el supuesto de que <strong>Rejuvenace<\/strong> comparta la informaci\u00f3n en los t\u00e9rminos indicados anteriormente, trataremos de limitar el alcance de los datos suministrados a lo que sea necesario para llevar a cabo la funci\u00f3n espec\u00edfica. Salvo que un proceso judicial lo excluya, solicitaremos a los terceros que protejan su informaci\u00f3n y se atengan a las leyes y reglamentaciones de protecci\u00f3n de datos de car\u00e1cter personal aplicables.<\/p>\n<p><strong>Consentimiento<\/strong><\/p>\n<p>Como parte de nuestro compromiso de mantenerlo informado, podemos enviarle correspondencia o mensajes de correo electr\u00f3nico, comunicarnos por tel\u00e9fono o por cualquier otro medio para notificarlo de nuevos productos y servicios <strong>Rejuvenace<\/strong>, adem\u00e1s de las pr\u00f3ximas ofertas especiales de <strong>Rejuvenace<\/strong>, eventos, mejoras u otra informaci\u00f3n pertinente que puede resultarle de inter\u00e9s. Usted tiene la opci\u00f3n de no aceptar el env\u00edo de todas estas comunicaciones de <strong>Rejuvenace<\/strong>, bien siguiendo las instrucciones que se incluyen en nuestros mensajes de correo electr\u00f3nico u otro tipo de comunicaciones o bien comunic\u00e1ndose directamente con <strong>Rejuvenace<\/strong>.<\/p>\n<p>Nuestra intenci\u00f3n es mantener a todos nuestros visitantes informados y adem\u00e1s, permitirles que puedan aprovechar los beneficios que ofrecen <strong>Rejuvenace<\/strong>  y sus socios comerciales estrat\u00e9gicos. Sin embargo, si usted reside fuera de los Estados Unidos, ciertas reglamentaciones en materia de protecci\u00f3n de datos pueden exigirnos que obtengamos su previo consentimiento para remitirle informaci\u00f3n que usted no ha solicitado.<\/p>\n<p>En algunos casos, su consentimiento podr\u00e1 considerarse impl\u00edcito por la naturaleza del servicio solicitado o por la transacci\u00f3n realizada. A modo de ejemplo, <strong>Rejuvenace<\/strong>  podr\u00e1 recolectar y utilizar la informaci\u00f3n que usted nos proporcione voluntariamente, as\u00ed como los datos relativos al comportamiento o la informaci\u00f3n recopilada de forma global. Asimismo, se considerar\u00e1 que usted nos ha prestado su consentimiento para recibir aquellas comunicaciones que sean necesarias para realizar las transacciones y prestarle los servicios solicitados.<\/p>\n<p>En ciertos casos, le solicitaremos su consentimiento expreso al recopilar informaci\u00f3n considerada confidencial de acuerdo a ciertas leyes de privacidad de la informaci\u00f3n (por ejemplo, informaci\u00f3n que revela el origen racial o \u00e9tnico, opiniones pol\u00edticas o condiciones de salud).<\/p>\n<p>Puede oponerse a que <strong>Rejuvenace<\/strong> revele su informaci\u00f3n a terceros, excepto cuando: (i) se retienen proveedores de servicios para brindar servicios en representaci\u00f3n de <strong>Rejuvenace<\/strong>; (ii) la ley solicita la divulgaci\u00f3n de datos; (iii) la divulgaci\u00f3n de datos es necesaria por razones de inter\u00e9s p\u00fablico, legal o nacional; (iv) la divulgaci\u00f3n de datos es necesaria para proteger intereses vitales del hu\u00e9sped; (v) la informaci\u00f3n se recopil\u00f3 de fuentes de acceso p\u00fablico; (vi) la divulgaci\u00f3n sirve para el procesamiento retrospectivo de la informaci\u00f3n para fines estad\u00edsticos o hist\u00f3ricos o para mejorar las experiencias de nuestros clientes o (vii) cuando una autoridad de supervisi\u00f3n (como un Defensor de los derechos de privacidad, una Autoridad de protecci\u00f3n de datos o una autoridad similar) permite dicha divulgaci\u00f3n.<\/p>\n<p><strong>Acceso a la informaci\u00f3n personal identificable<\/strong><\/p>\n<p>Con el fin de asegurar que su informaci\u00f3n sea correcta y est\u00e9 actualizada, le instamos a que revise y actualice regularmente dicha informaci\u00f3n cuando corresponda (por ejemplo, en los supuestos de cambio de domicilio o direcci\u00f3n de correo electr\u00f3nico o en el caso de que desee agregar otros sistemas de comunicaci\u00f3n para que nos pongamos en contacto con usted). En un esfuerzo por impedir la divulgaci\u00f3n no autorizada de su informaci\u00f3n, es posible que se le solicite una prueba de su identidad (u otro material de comprobaci\u00f3n) junto con el formulario de solicitud de acceso debidamente cumplimentado.<\/p>\n<p>Ocasionalmente, puede suceder que la informaci\u00f3n que ha pedido que se elimine, se conserve en determinados archivos durante un per\u00edodo de tiempo con el objeto de resolver cualquier controversia de forma apropiada o solucionar un problema. Asimismo, cierta informaci\u00f3n podr\u00e1 conservarse de forma indefinida en las copias de \u00abrespaldo\u00bb o en los archivos de registro debido a restricciones t\u00e9cnicas, o requisitos financieros o legales. Por lo tanto, no siempre podr\u00e1 esperar que se elimine por completo toda su informaci\u00f3n de nuestras bases de datos conforme a su solicitud.<\/p>\n<p>Rem\u00edtase a la informaci\u00f3n de contacto adecuada que aparece m\u00e1s abajo para comunicarse con nosotros si desea actualizar sus preferencias de comunicaci\u00f3n, eliminarse de nuestra lista de comercializaci\u00f3n o enviar una pregunta o solicitud general.<\/p>\n<p><strong>Medidas de seguridad<\/strong><\/p>\n<p><strong>Rejuvenace<\/strong> reconoce la importancia que tiene la seguridad de la informaci\u00f3n y constantemente revisa y mejora las normas y procedimientos de seguridad t\u00e9cnica, f\u00edsica y l\u00f3gica. Todos los sitios web y servidores propiedad de <strong>Rejuvenace<\/strong> aplican medidas de seguridad que ayudan a proteger su informaci\u00f3n contra accidentes, p\u00e9rdidas, uso indebido, acceso ilegal o no autorizado, divulgaci\u00f3n o alteraci\u00f3n mientras se encuentra bajo nuestro control. A pesar de que no existe la \u00abseguridad garantizada\u00bb dentro o fuera de Internet, nosotros protegemos su informaci\u00f3n utilizando medidas de seguridad t\u00e9cnicas, administrativas y procedimentales adecuadas.<\/p>\n<p><strong>Tecnolog\u00edas en l\u00ednea<\/strong><\/p>\n<p><strong>Rejuvenace<\/strong> y sus socios comerciales podr\u00e1n utilizar cookies, marcadores Web (web beacons) para obtener informaci\u00f3n sobre usted mientras visita nuestros sitios web. Una \u201ccookie\u201d es un peque\u00f1o archivo de texto que enviamos a su navegador desde un servidor de web y que se almacena en el disco duro de su ordenador. Las cookies de <strong>Rejuvenace<\/strong> asignan un identificador \u00fanico al equipo que, a su vez, se convierte en su tarjeta de identificaci\u00f3n cada vez que visita un sitio web de <strong>Rejuvenace<\/strong>.<\/p>\n<p>Las cookies fueron dise\u00f1adas para ahorrarle tiempo ya que nos ayudan a proporcionarle un servicio personalizado sin tener que recordarnos sus preferencias cada vez que visita nuestras p\u00e1ginas web. Las cookies de <strong>Rejuvenace<\/strong> no est\u00e1n dise\u00f1adas para da\u00f1ar sus archivos ni para leer la informaci\u00f3n que usted almacena en el disco duro de su computadora.<\/p>\n<p>Las cookies tambi\u00e9n pueden ayudarnos a facilitarle un servicio en l\u00ednea personalizado de las siguientes formas:<\/p>\n<ul>\n<li>Recuerdan su nombre de usuario y contrase\u00f1a para futuras visitas facilitando y haciendo m\u00e1s r\u00e1pido el inicio de sesi\u00f3n<\/li>\n<li>Aseguran que usted tenga los marcos y el contenido adecuados.<\/li>\n<li>Aseguran que reciba toda la informaci\u00f3n solicitada.<\/li>\n<li>Los ayudan a ofrecerle comunicaciones que sean pertinentes y relacionadas con sus intereses y su ubicaci\u00f3n.<\/li>\n<\/ul>\n<p>Las cookies de <strong>Rejuvenace<\/strong> se limitan s\u00f3lo a nuestros sitios web y no est\u00e1n dise\u00f1adas para seguirlo mientras navega por Internet una vez que haya abandonado los sitios web que pertenecen a <strong>Rejuvenace<\/strong>. Realizamos un seguimiento del uso de nuestros sitios web con el fin de poder satisfacer sus necesidades de la mejor forma y ayudarlo para que en el futuro, pueda encontrar informaci\u00f3n m\u00e1s f\u00e1cilmente. Tenga en cuenta que, adem\u00e1s de las \u201ccookies\u201d de <strong>Rejuvenace<\/strong>, es posible que haya terceros que coloquen cookies en el disco duro de su computadora. <strong>Rejuvenace<\/strong> no se responsabiliza de la presencia o ausencia de \u201ccookies\u201d de terceros o de las funciones o pr\u00e1cticas tecnol\u00f3gicas que puedan utilizar estos terceros en relaci\u00f3n con sus cookies.<\/p>\n<p>Si prefiere no disfrutar de los beneficios que ofrecen las \u201ccookies\u201d, puede configurar su navegador de Internet para tratar estas cookies de distintas maneras. Seg\u00fan el tipo de navegador que utilice, usted podr\u00e1 configurar su navegador para que: (i) le pida que acepte o rechace cookies individualmente o (ii) evite la aceptaci\u00f3n de cualquier tipo de cookies. Debe consultar al proveedor o fabricante de su navegador de Internet si desea detalles espec\u00edficos sobre seguridad relacionada con cookies. Sin embargo, tambi\u00e9n debe considerar que rechazar cookies podr\u00eda dificultar la realizaci\u00f3n de ciertas operaciones en nuestros sitios web y nuestra capacidad para reconocer su navegador de una visita a la otra.<\/p>\n<p>Adem\u00e1s, <strong>Rejuvenace<\/strong> utiliza marcadores web que sirven para contar la cantidad de personas que visitan ciertas p\u00e1ginas web. La informaci\u00f3n que reunimos con estos marcadores se utiliza con car\u00e1cter general y no contiene ning\u00fan tipo de dato personal. <strong>Rejuvenace<\/strong> puede utilizar esta informaci\u00f3n para mejorar los programas de comercializaci\u00f3n as\u00ed como su contenido.<\/p>\n<p>Tambi\u00e9n trabajamos con proveedores y socios de comercializaci\u00f3n que nos ayudan a enviar publicidades y producir contenidos personalizados que creemos ser\u00e1n de su inter\u00e9s. Entre estos proveedores y otros socios se encuentran anunciantes, agencias de publicidad, redes de publicidad, especialistas en segmentaci\u00f3n de mercado e intercambio de datos, proveedores anal\u00edticos y otros proveedores similares. Estos socios y proveedores pueden usar cookies y marcadores de Web para recolectar informaci\u00f3n sobre su actividad en l\u00ednea (por ejemplo, los sitios y las p\u00e1ginas que ha visitado en los sitios de <strong>Rejuvenace<\/strong> y otros sitios) para poder ayudar a <strong>Rejuvenace<\/strong> (y, en algunos casos, a anunciantes externos) a enviarle un contenido o una publicidad personalizados mientras est\u00e1 en un sitio <strong>Rejuvenace<\/strong> u otros sitios.<\/p>\n<p><strong>Enlaces con otros sitios Web<\/strong><\/p>\n<p>Con el fin de anticiparnos a sus necesidades, <strong>Rejuvenace<\/strong> le ofrece enlaces a otros sitios web para su beneficio e informaci\u00f3n<strong> Rejuvenace<\/strong> no se hace responsable del contenido que se facilite o incluya en cualquier sitio web independiente, incluyendo, sin car\u00e1cter limitativo, cualquier reclamo publicitario o pr\u00e1cticas comerciales. Si bien <strong>Rejuvenace<\/strong> proteger\u00e1 la informaci\u00f3n que se encuentra en los sitios web que posee y opera, no podemos controlar ni asumir ninguna responsabilidad por las pol\u00edticas de privacidad de los sitios web de terceros, incluidos los sitios web que sean propiedad o est\u00e9n controlados por franquiciados independientes que puedan utilizar el nombre de una marca de <strong>Rejuvenace<\/strong> o de los sitios web que no son controlados ni est\u00e1n autorizados por <strong>Rejuvenace<\/strong>. Los sitios web de terceros a los que se acceda a trav\u00e9s de v\u00ednculos en nuestros sitios web tienen pr\u00e1cticas de privacidad y de recopilaci\u00f3n de datos, as\u00ed como tambi\u00e9n medidas de seguridad diferentes. No asumimos ninguna responsabilidad por las pr\u00e1cticas, pol\u00edticas y medidas de seguridad implementadas por terceros en sus sitios web. Lo instamos a que se ponga en contacto con ellos y les pregunte sobre sus pr\u00e1cticas de privacidad, pol\u00edticas y medidas de seguridad antes de revelar cualquier tipo de INFORMACI\u00d3N. Recomendamos que analice las pol\u00edticas y declaraciones de privacidad correspondientes a los sitios web vinculados para comprender c\u00f3mo estos sitios recopilan, manipulan y almacenan la informaci\u00f3n.<\/p>\n<p><strong>Menores<\/strong><\/p>\n<p><strong>Rejuvenace<\/strong> no pretende obtener ni desea recibir INFORMACI\u00d3N directamente de menores. Sin embargo, no siempre podemos determinar la edad de las personas que acceden y utilizan nuestros sitios web. En el supuesto de que un menor (definido de acuerdo con los criterios establecidos en la ley aplicable) nos proporcione sus datos sin el consentimiento de sus padres o tutores, pedimos al padre o tutor a que se ponga en contacto con nosotros y nos solicite que se elimine esta informaci\u00f3n y se anule la suscripci\u00f3n realizada por el menor de edad respecto de las futuras comunicaciones comerciales de <strong>Rejuvenace<\/strong>.<\/p>\n<p><strong>Contacto<\/strong><\/p>\n<p>En caso de dudas o sugerencias en relaci\u00f3n con las pr\u00e1cticas de privacidad de la informaci\u00f3n, con respecto a la presente Declaraci\u00f3n de privacidad, o si desea actualizar, modificar o cancelar las comunicaciones de comercializaci\u00f3n por parte de <strong>Rejuvenace<\/strong>, puede comunicarse con nosotros mediante cualquiera de las formas que se indican a continuaci\u00f3n:<\/p>\n<p><a href=\"https:\/\/www.rejuvenace.mx\/contacto\/\">Formulario de contacto<\/a><\/p>\n","protected":false},"excerpt":{"rendered":"<p>Pol\u00edtica de privacidad Tipos de datos que recopilamos: Rejuvenace de las personas que visitan nuestros sitios web con el objeto de poder ofrecerles una utilidad de nuestros sitios que responda a sus necesidades. La informaci\u00f3n puede ser recopilada para: (i) completar reservas o solicitudes de informaci\u00f3n, (ii) comprar productos o servicios, (iii) registrarse en programas [&hellip;]<\/p>\n","protected":false},"author":5,"featured_media":0,"parent":0,"menu_order":0,"comment_status":"closed","ping_status":"open","template":"tpl-single.php","meta":[],"_links":{"self":[{"href":"https:\/\/rejuvenace.mx\/en\/wp-json\/wp\/v2\/pages\/269"}],"collection":[{"href":"https:\/\/rejuvenace.mx\/en\/wp-json\/wp\/v2\/pages"}],"about":[{"href":"https:\/\/rejuvenace.mx\/en\/wp-json\/wp\/v2\/types\/page"}],"author":[{"embeddable":true,"href":"https:\/\/rejuvenace.mx\/en\/wp-json\/wp\/v2\/users\/5"}],"replies":[{"embeddable":true,"href":"https:\/\/rejuvenace.mx\/en\/wp-json\/wp\/v2\/comments?post=269"}],"version-history":[{"count":2,"href":"https:\/\/rejuvenace.mx\/en\/wp-json\/wp\/v2\/pages\/269\/revisions"}],"predecessor-version":[{"id":742,"href":"https:\/\/rejuvenace.mx\/en\/wp-json\/wp\/v2\/pages\/269\/revisions\/742"}],"wp:attachment":[{"href":"https:\/\/rejuvenace.mx\/en\/wp-json\/wp\/v2\/media?parent=269"}],"curies":[{"name":"wp","href":"https:\/\/api.w.org\/{rel}","templated":true}]}}